{"id":163,"date":"2024-09-08T18:49:57","date_gmt":"2024-09-08T16:49:57","guid":{"rendered":"https:\/\/reset.pionyr.cz\/2025\/?page_id=163"},"modified":"2026-05-14T13:55:35","modified_gmt":"2026-05-14T11:55:35","slug":"informace-o-akci","status":"publish","type":"page","link":"https:\/\/reset.pionyr.cz\/2025\/informace-o-akci\/","title":{"rendered":"Informace o akci"},"content":{"rendered":"\n<div class=\"et_pb_section_0 et_pb_section et_section_regular et_block_section\"><div class=\"et_pb_row_0 et_pb_row et_block_row\"><div class=\"et_pb_column_0 et_pb_column et_pb_column_4_4 et-last-child et_block_column et_pb_css_mix_blend_mode_passthrough\"><div class=\"et_pb_heading_0 et_pb_heading et_pb_module et_block_module\"><div class=\"et_pb_heading_container\"><h1 class=\"et_pb_module_header\">RESET<\/h1><\/div><\/div><div class=\"et_pb_text_0 et_pb_text et_pb_bg_layout_light et_pb_module et_block_module et_pb_text_align_center\"><div class=\"et_pb_text_inner\"><h1><span style=\"color: #666666;font-size: 14px\">je zkr\u00e1cen\u00fd n\u00e1zev pro <\/span><strong style=\"color: #666666;font-size: 14px\">RE<\/strong><span style=\"color: #666666;font-size: 14px\">publikov\u00e9\u00a0<\/span><strong style=\"color: #666666;font-size: 14px\">SET<\/strong><span style=\"color: #666666;font-size: 14px\">k\u00e1n\u00ed pion\u00fdrsk\u00fdch odd\u00edl\u016f, kter\u00e9 pat\u0159\u00ed k\u00a0tradi\u010dn\u00edm akc\u00edm Pion\u00fdra. Kon\u00e1 se jednou za dva roky poka\u017ed\u00e9 na jin\u00e9m m\u00edst\u011b \u010cesk\u00e9 republiky. Setk\u00e1n\u00ed jsou r\u016fzn\u00e1, ale v\u017edy je tu jeden c\u00edl \u2013 sej\u00edt se s\u00a0dal\u0161\u00edmi kamar\u00e1dy z\u00a0cel\u00e9ho Pion\u00fdra, vym\u011bnit si zku\u0161enosti, spole\u010dn\u011b n\u011bco za\u017e\u00edt.<\/span><\/h1>\n<\/div><\/div><div class=\"et_pb_text_1 et_pb_text et_pb_bg_layout_light et_pb_module et_block_module et_pb_text_align_center\"><div class=\"et_pb_text_inner\"><p>https:\/\/www.pionyr.org\/cinnost\/republikoveakce\/reset\/<\/p>\n<\/div><\/div><\/div><\/div><\/div>\n","protected":false},"excerpt":{"rendered":"","protected":false},"author":2,"featured_media":0,"parent":0,"menu_order":0,"comment_status":"closed","ping_status":"closed","template":"","meta":{"_acf_changed":false,"footnotes":""},"class_list":["post-163","page","type-page","status-publish","hentry"],"acf":[],"_links":{"self":[{"href":"https:\/\/reset.pionyr.cz\/2025\/wp-json\/wp\/v2\/pages\/163","targetHints":{"allow":["GET"]}}],"collection":[{"href":"https:\/\/reset.pionyr.cz\/2025\/wp-json\/wp\/v2\/pages"}],"about":[{"href":"https:\/\/reset.pionyr.cz\/2025\/wp-json\/wp\/v2\/types\/page"}],"author":[{"embeddable":true,"href":"https:\/\/reset.pionyr.cz\/2025\/wp-json\/wp\/v2\/users\/2"}],"replies":[{"embeddable":true,"href":"https:\/\/reset.pionyr.cz\/2025\/wp-json\/wp\/v2\/comments?post=163"}],"version-history":[{"count":13,"href":"https:\/\/reset.pionyr.cz\/2025\/wp-json\/wp\/v2\/pages\/163\/revisions"}],"predecessor-version":[{"id":528,"href":"https:\/\/reset.pionyr.cz\/2025\/wp-json\/wp\/v2\/pages\/163\/revisions\/528"}],"wp:attachment":[{"href":"https:\/\/reset.pionyr.cz\/2025\/wp-json\/wp\/v2\/media?parent=163"}],"curies":[{"name":"wp","href":"https:\/\/api.w.org\/{rel}","templated":true}]}}