{"id":180,"date":"2024-09-08T18:54:09","date_gmt":"2024-09-08T16:54:09","guid":{"rendered":"https:\/\/reset.pionyr.cz\/2025\/?page_id=180"},"modified":"2026-05-14T13:55:39","modified_gmt":"2026-05-14T11:55:39","slug":"stab-reset-2025","status":"publish","type":"page","link":"https:\/\/reset.pionyr.cz\/2025\/stab-reset-2025\/","title":{"rendered":"\u0160t\u00e1b RESET 2025"},"content":{"rendered":"<div class=\"et_pb_section_0 et_pb_section et_section_regular et_block_section\"><div class=\"et_pb_row_0 et_pb_row et_block_row\"><div class=\"et_pb_column_0 et_pb_column et_pb_column_1_2 et_block_column et_pb_css_mix_blend_mode_passthrough\"><div class=\"et_pb_team_member_0 et_pb_team_member et_pb_team_member_no_image et_pb_bg_layout_light et_pb_text_align_center et_pb_module et_flex_module\"><div class=\"et_pb_team_member_description\"><h4 class=\"et_pb_module_header\">Kate\u0159ina Sou\u010dkov\u00e1<\/h4><p class=\"et_pb_member_position\">vedouc\u00ed \u0161t\u00e1bu RESET 2025<\/p><div class=\"et_pb_team_member_description_content\"><p><img loading=\"lazy\" decoding=\"async\" class=\"wp-image-226 aligncenter size-medium\" src=\"https:\/\/reset.pionyr.cz\/2025\/wp-content\/uploads\/sites\/3\/2024\/09\/Katerina-Souckova-1-300x300.jpg\" alt=\"\" width=\"300\" height=\"300\" \/><\/p>\n<\/div><\/div><\/div><\/div><div class=\"et_pb_column_1 et_pb_column et_pb_column_1_2 et-last-child et_block_column et_pb_css_mix_blend_mode_passthrough\"><div class=\"et_pb_team_member_1 et_pb_team_member et_pb_bg_layout_light et_pb_module et_flex_module\"><div class=\"et_pb_team_member_image et-waypoint et_pb_animation_off\"><img loading=\"lazy\" decoding=\"async\" src=\"https:\/\/reset.pionyr.cz\/2025\/wp-content\/uploads\/sites\/3\/2024\/09\/Marie-Houdkova_2.jpg\" alt=\"Marie Houdkov\u00e1\" width=\"436\" height=\"436\" srcset=\"https:\/\/reset.pionyr.cz\/2025\/wp-content\/uploads\/sites\/3\/2024\/09\/Marie-Houdkova_2.jpg 436w, https:\/\/reset.pionyr.cz\/2025\/wp-content\/uploads\/sites\/3\/2024\/09\/Marie-Houdkova_2-300x300.jpg 300w, https:\/\/reset.pionyr.cz\/2025\/wp-content\/uploads\/sites\/3\/2024\/09\/Marie-Houdkova_2-150x150.jpg 150w\" sizes=\"(max-width: 436px) 100vw, 436px\" class=\"wp-image-222\" \/><\/div><div class=\"et_pb_team_member_description\"><h4 class=\"et_pb_module_header\">Marie Houdkov\u00e1<\/h4><p class=\"et_pb_member_position\">z\u00e1stupce vedouc\u00edho - program akce<\/p><\/div><\/div><\/div><\/div><div class=\"et_pb_row_1 et_pb_row et_pb_row_4col et_block_row et_block_row_4col\"><div class=\"et_pb_column_2 et_pb_column et_pb_column_1_4 et_block_column et_pb_css_mix_blend_mode_passthrough\"><div class=\"et_pb_team_member_2 et_pb_team_member et_pb_bg_layout_light et_pb_text_align_center et_pb_module et_flex_module\"><div class=\"et_pb_team_member_image et-waypoint et_pb_animation_off\"><img loading=\"lazy\" decoding=\"async\" src=\"https:\/\/reset.pionyr.cz\/2025\/wp-content\/uploads\/sites\/3\/2024\/09\/Petr-Ficek.jpg\" alt=\"Petr Ficek\" width=\"960\" height=\"960\" srcset=\"https:\/\/reset.pionyr.cz\/2025\/wp-content\/uploads\/sites\/3\/2024\/09\/Petr-Ficek.jpg 960w, https:\/\/reset.pionyr.cz\/2025\/wp-content\/uploads\/sites\/3\/2024\/09\/Petr-Ficek-480x480.jpg 480w\" sizes=\"(min-width: 0px) and (max-width: 480px) 480px, (min-width: 481px) 960px, 100vw\" class=\"wp-image-208\" \/><\/div><div class=\"et_pb_team_member_description\"><h4 class=\"et_pb_module_header\">Petr Ficek<\/h4><p class=\"et_pb_member_position\">hospod\u00e1\u0159 akce<\/p><\/div><\/div><\/div><div class=\"et_pb_column_3 et_pb_column et_pb_column_1_4 et_block_column et_pb_css_mix_blend_mode_passthrough\"><div class=\"et_pb_team_member_3 et_pb_team_member et_pb_bg_layout_light et_pb_module et_flex_module\"><div class=\"et_pb_team_member_image et-waypoint et_pb_animation_off\"><img loading=\"lazy\" decoding=\"async\" src=\"https:\/\/reset.pionyr.cz\/2025\/wp-content\/uploads\/sites\/3\/2024\/09\/12512505_1129650233712667_4363035971768612411_n.jpg\" alt=\"Michal Neck\u00e1\u0159\" width=\"708\" height=\"708\" srcset=\"https:\/\/reset.pionyr.cz\/2025\/wp-content\/uploads\/sites\/3\/2024\/09\/12512505_1129650233712667_4363035971768612411_n.jpg 708w, https:\/\/reset.pionyr.cz\/2025\/wp-content\/uploads\/sites\/3\/2024\/09\/12512505_1129650233712667_4363035971768612411_n-480x480.jpg 480w\" sizes=\"(min-width: 0px) and (max-width: 480px) 480px, (min-width: 481px) 708px, 100vw\" class=\"wp-image-211\" \/><\/div><div class=\"et_pb_team_member_description\"><h4 class=\"et_pb_module_header\">Michal Neck\u00e1\u0159<\/h4><p class=\"et_pb_member_position\">technick\u00e9 zaji\u0161t\u011bn\u00ed<\/p><\/div><\/div><\/div><div class=\"et_pb_column_4 et_pb_column et_pb_column_1_4 et_block_column et_pb_css_mix_blend_mode_passthrough\"><div class=\"et_pb_team_member_4 et_pb_team_member et_pb_bg_layout_light et_pb_module et_flex_module\"><div class=\"et_pb_team_member_image et-waypoint et_pb_animation_off\"><img loading=\"lazy\" decoding=\"async\" src=\"https:\/\/reset.pionyr.cz\/2025\/wp-content\/uploads\/sites\/3\/2024\/09\/Marek-Matej-Novacek.jpg\" alt=\"Marek Mat\u011bj Nov\u00e1\u010dek\" width=\"1124\" height=\"1125\" srcset=\"https:\/\/reset.pionyr.cz\/2025\/wp-content\/uploads\/sites\/3\/2024\/09\/Marek-Matej-Novacek.jpg 1124w, https:\/\/reset.pionyr.cz\/2025\/wp-content\/uploads\/sites\/3\/2024\/09\/Marek-Matej-Novacek-980x981.jpg 980w, https:\/\/reset.pionyr.cz\/2025\/wp-content\/uploads\/sites\/3\/2024\/09\/Marek-Matej-Novacek-480x480.jpg 480w\" sizes=\"(min-width: 0px) and (max-width: 480px) 480px, (min-width: 481px) and (max-width: 980px) 980px, (min-width: 981px) 1124px, 100vw\" class=\"wp-image-212\" \/><\/div><div class=\"et_pb_team_member_description\"><h4 class=\"et_pb_module_header\">Marek Mat\u011bj Nov\u00e1\u010dek<\/h4><p class=\"et_pb_member_position\">fundraiser (spolupr\u00e1ce)<\/p><\/div><\/div><\/div><div class=\"et_pb_column_5 et_pb_column et_pb_column_1_4 et-last-child et_block_column et_pb_css_mix_blend_mode_passthrough\"><div class=\"et_pb_team_member_5 et_pb_team_member et_pb_bg_layout_light et_pb_module et_flex_module\"><div class=\"et_pb_team_member_image et-waypoint et_pb_animation_off\"><img loading=\"lazy\" decoding=\"async\" src=\"https:\/\/reset.pionyr.cz\/2025\/wp-content\/uploads\/sites\/3\/2024\/09\/Alena-Houckova.jpg\" alt=\"Alena Hou\u010dkov\u00e1\" width=\"480\" height=\"480\" srcset=\"https:\/\/reset.pionyr.cz\/2025\/wp-content\/uploads\/sites\/3\/2024\/09\/Alena-Houckova.jpg 480w, https:\/\/reset.pionyr.cz\/2025\/wp-content\/uploads\/sites\/3\/2024\/09\/Alena-Houckova-300x300.jpg 300w, https:\/\/reset.pionyr.cz\/2025\/wp-content\/uploads\/sites\/3\/2024\/09\/Alena-Houckova-150x150.jpg 150w\" sizes=\"(max-width: 480px) 100vw, 480px\" class=\"wp-image-213\" \/><\/div><div class=\"et_pb_team_member_description\"><h4 class=\"et_pb_module_header\">Alena Hou\u010dkov\u00e1<\/h4><p class=\"et_pb_member_position\">organizace stravov\u00e1n\u00ed, pr\u00e1ce s dobrovoln\u00edky<\/p><\/div><\/div><\/div><\/div><div class=\"et_pb_row_2 et_pb_row et_block_row\"><div class=\"et_pb_column_6 et_pb_column et_pb_column_1_3 et_block_column et_pb_css_mix_blend_mode_passthrough\"><div class=\"et_pb_team_member_6 et_pb_team_member et_pb_bg_layout_light et_pb_module et_flex_module\"><div class=\"et_pb_team_member_image et-waypoint et_pb_animation_off\"><img loading=\"lazy\" decoding=\"async\" src=\"https:\/\/reset.pionyr.cz\/2025\/wp-content\/uploads\/sites\/3\/2024\/09\/Radka-Dojcanova.jpg\" alt=\"Radka Doj\u010d\u00e1nov\u00e1\" width=\"1718\" height=\"1742\" srcset=\"https:\/\/reset.pionyr.cz\/2025\/wp-content\/uploads\/sites\/3\/2024\/09\/Radka-Dojcanova.jpg 1718w, https:\/\/reset.pionyr.cz\/2025\/wp-content\/uploads\/sites\/3\/2024\/09\/Radka-Dojcanova-1280x1298.jpg 1280w, https:\/\/reset.pionyr.cz\/2025\/wp-content\/uploads\/sites\/3\/2024\/09\/Radka-Dojcanova-980x994.jpg 980w, https:\/\/reset.pionyr.cz\/2025\/wp-content\/uploads\/sites\/3\/2024\/09\/Radka-Dojcanova-480x487.jpg 480w\" sizes=\"(min-width: 0px) and (max-width: 480px) 480px, (min-width: 481px) and (max-width: 980px) 980px, (min-width: 981px) and (max-width: 1280px) 1280px, (min-width: 1281px) 1718px, 100vw\" class=\"wp-image-223\" \/><\/div><div class=\"et_pb_team_member_description\"><h4 class=\"et_pb_module_header\">Radka Doj\u010d\u00e1nov\u00e1<\/h4><p class=\"et_pb_member_position\">program akce<\/p><\/div><\/div><\/div><div class=\"et_pb_column_7 et_pb_column et_pb_column_1_3 et_block_column et_pb_css_mix_blend_mode_passthrough\"><div class=\"et_pb_team_member_7 et_pb_team_member et_pb_bg_layout_light et_pb_module et_flex_module\"><div class=\"et_pb_team_member_image et-waypoint et_pb_animation_off\"><img loading=\"lazy\" decoding=\"async\" src=\"https:\/\/reset.pionyr.cz\/2025\/wp-content\/uploads\/sites\/3\/2024\/09\/Jaroslava-Rothanzlova.jpg\" alt=\"Jaroslava Rothanzlov\u00e1\" width=\"689\" height=\"689\" srcset=\"https:\/\/reset.pionyr.cz\/2025\/wp-content\/uploads\/sites\/3\/2024\/09\/Jaroslava-Rothanzlova.jpg 689w, https:\/\/reset.pionyr.cz\/2025\/wp-content\/uploads\/sites\/3\/2024\/09\/Jaroslava-Rothanzlova-480x480.jpg 480w\" sizes=\"(min-width: 0px) and (max-width: 480px) 480px, (min-width: 481px) 689px, 100vw\" class=\"wp-image-224\" \/><\/div><div class=\"et_pb_team_member_description\"><h4 class=\"et_pb_module_header\">Jaroslava Rothanzlov\u00e1<\/h4><p class=\"et_pb_member_position\">program akce<\/p><\/div><\/div><\/div><div class=\"et_pb_column_8 et_pb_column et_pb_column_1_3 et-last-child et_block_column et_pb_css_mix_blend_mode_passthrough\"><div class=\"et_pb_team_member_8 et_pb_team_member et_pb_bg_layout_light et_pb_module et_flex_module\"><div class=\"et_pb_team_member_image et-waypoint et_pb_animation_off\"><img loading=\"lazy\" decoding=\"async\" src=\"https:\/\/reset.pionyr.cz\/2025\/wp-content\/uploads\/sites\/3\/2024\/09\/Ondrej-Penak.jpg\" alt=\"Ond\u0159ej Pe\u0148\u00e1k\" width=\"917\" height=\"917\" srcset=\"https:\/\/reset.pionyr.cz\/2025\/wp-content\/uploads\/sites\/3\/2024\/09\/Ondrej-Penak.jpg 917w, https:\/\/reset.pionyr.cz\/2025\/wp-content\/uploads\/sites\/3\/2024\/09\/Ondrej-Penak-480x480.jpg 480w\" sizes=\"(min-width: 0px) and (max-width: 480px) 480px, (min-width: 481px) 917px, 100vw\" class=\"wp-image-225\" \/><\/div><div class=\"et_pb_team_member_description\"><h4 class=\"et_pb_module_header\">Ond\u0159ej Pe\u0148\u00e1k<\/h4><p class=\"et_pb_member_position\">komunikace a propagace<\/p><\/div><\/div><\/div><\/div><\/div>","protected":false},"excerpt":{"rendered":"","protected":false},"author":2,"featured_media":0,"parent":0,"menu_order":0,"comment_status":"closed","ping_status":"closed","template":"","meta":{"_acf_changed":false,"footnotes":""},"class_list":["post-180","page","type-page","status-publish","hentry"],"acf":[],"_links":{"self":[{"href":"https:\/\/reset.pionyr.cz\/2025\/wp-json\/wp\/v2\/pages\/180","targetHints":{"allow":["GET"]}}],"collection":[{"href":"https:\/\/reset.pionyr.cz\/2025\/wp-json\/wp\/v2\/pages"}],"about":[{"href":"https:\/\/reset.pionyr.cz\/2025\/wp-json\/wp\/v2\/types\/page"}],"author":[{"embeddable":true,"href":"https:\/\/reset.pionyr.cz\/2025\/wp-json\/wp\/v2\/users\/2"}],"replies":[{"embeddable":true,"href":"https:\/\/reset.pionyr.cz\/2025\/wp-json\/wp\/v2\/comments?post=180"}],"version-history":[{"count":15,"href":"https:\/\/reset.pionyr.cz\/2025\/wp-json\/wp\/v2\/pages\/180\/revisions"}],"predecessor-version":[{"id":532,"href":"https:\/\/reset.pionyr.cz\/2025\/wp-json\/wp\/v2\/pages\/180\/revisions\/532"}],"wp:attachment":[{"href":"https:\/\/reset.pionyr.cz\/2025\/wp-json\/wp\/v2\/media?parent=180"}],"curies":[{"name":"wp","href":"https:\/\/api.w.org\/{rel}","templated":true}]}}