{"id":183,"date":"2024-09-08T18:54:43","date_gmt":"2024-09-08T16:54:43","guid":{"rendered":"https:\/\/reset.pionyr.cz\/2025\/?page_id=183"},"modified":"2026-05-14T13:55:40","modified_gmt":"2026-05-14T11:55:40","slug":"kontakty","status":"publish","type":"page","link":"https:\/\/reset.pionyr.cz\/2025\/kontakty\/","title":{"rendered":"Kontakty"},"content":{"rendered":"\n<div class=\"et_pb_section_0 et_pb_section et_section_regular et_block_section\"><div class=\"et_pb_row_0 et_pb_row et_block_row\"><div class=\"et_pb_column_0 et_pb_column et_pb_column_1_2 et_block_column et_pb_css_mix_blend_mode_passthrough\"><div class=\"et_pb_text_0 et_pb_text et_pb_bg_layout_light et_pb_module et_block_module\"><div class=\"et_pb_text_inner\"><p><strong>Pion\u00fdr, z. s. \u2013 Krajsk\u00e1 organizace Kraje Vyso\u010dina<\/strong><\/p>\n<p>&nbsp;<\/p>\n<p><span style=\"font-weight: 400\">I\u010cO.: <\/span> <b>70857105<\/b><\/p>\n<p><span style=\"font-weight: 400\">rejst\u0159\u00edk:\u00a0 <\/span> <b>L39231<\/b><\/p>\n<p><span style=\"font-weight: 400\">datov\u00e1 schr\u00e1nka: <\/span> <b>gtt6t5f<\/b><\/p>\n<p><span style=\"font-weight: 400\">\u010d. u\u010dtu: <\/span> <b>2101821974 \/ 2010 (Fio banka)<\/b><\/p>\n<p>&nbsp;<\/p>\n<p><span style=\"font-weight: 400\">adresa:<\/span><\/p>\n<p><b>Hamry nad S\u00e1zavou 478, 591 01 Hamry nad S\u00e1zavou<\/b><\/p>\n<p>&nbsp;<\/p>\n<p><span style=\"font-weight: 400\">Zastoupena: <\/span><\/p>\n<p><b>Mgr. et Mgr. Kate\u0159ina Sou\u010dkov\u00e1<\/b><\/p>\n<p><span style=\"font-weight: 400\">P\u0159edsedkyn\u011b Krajsk\u00e9 organizace Pion\u00fdra Kraje Vyso\u010dina<\/span><\/p>\n<p><span style=\"font-weight: 400\">vedouc\u00ed \u0161t\u00e1bu RESET 2025<\/span><\/p>\n<p><span style=\"font-weight: 400\">mail: <\/span><a href=\"mailto:katerina.pimpa@gmail.com\"><b>katerina.pimpa@gmail.com<\/b> <\/a><span style=\"font-weight: 400\">telefon: <\/span><b>+420\u00a0777\u00a0360 493<\/b><\/p>\n<p>&nbsp;<\/p>\n<p>mail akce: <a href=\"mailto:reset.2025.pionyr@gmail.com\"><em><strong>reset.2025.pionyr@gmail.com<\/strong><\/em><\/a><\/p>\n<\/div><\/div><\/div><div class=\"et_pb_column_1 et_pb_column et_pb_column_1_2 et-last-child et_block_column et_pb_css_mix_blend_mode_passthrough\"><div class=\"et_pb_text_1 et_pb_text et_pb_bg_layout_light et_pb_module et_block_module\"><div class=\"et_pb_text_inner\"><p><strong>Pion\u00fdr, z. s. \u2013 Pardubick\u00e1 krajsk\u00e1 organizace Pion\u00fdra<\/strong><\/p>\n<p>&nbsp;<\/p>\n<p><span style=\"font-weight: 400\">I\u010cO.: <strong>70832439<\/strong><\/span><\/p>\n<p><span style=\"font-weight: 400\">rejst\u0159\u00edk: <strong>L 39228<\/strong><\/span><\/p>\n<p><span style=\"font-weight: 400\">datov\u00e1 schr\u00e1nka: <strong>k5afn4w<\/strong><\/span><\/p>\n<p>&nbsp;<\/p>\n<p>&nbsp;<\/p>\n<p><span style=\"font-weight: 400\">adresa:<\/span><\/p>\n<p><strong>Palack\u00e9ho t\u0159\u00edda 1947, Zelen\u00e9 P\u0159edm\u011bst\u00ed, 530 02 Pardubice<\/strong><\/p>\n<p>&nbsp;<\/p>\n<p><span style=\"font-weight: 400\">Zastoupena: <\/span><\/p>\n<p><b>Mgr. Marie Houdkov\u00e1<\/b><\/p>\n<p><span style=\"font-weight: 400\">P\u0159edsedkyn\u011b Krajsk\u00e9 organizace Pion\u00fdra Kraje Pardubice <\/span><\/p>\n<p><span style=\"font-weight: 400\">z\u00e1stupce vedouc\u00ed \u0161t\u00e1bu RESET 2025<\/span><\/p>\n<p><span style=\"font-weight: 400\">mail: <strong><a href=\"mailto:pshugosytare@seznam.cz\">pshugosytare@seznam.cz<\/a><\/strong><\/span><a href=\"mailto:katerina.pimpa@gmail.com\">\u00a0<\/a><span style=\"font-weight: 400\">telefon: <\/span><b>+420 732 942 141<\/b><\/p>\n<\/div><\/div><\/div><\/div><\/div>\n","protected":false},"excerpt":{"rendered":"","protected":false},"author":2,"featured_media":0,"parent":0,"menu_order":0,"comment_status":"closed","ping_status":"closed","template":"","meta":{"_acf_changed":false,"footnotes":""},"class_list":["post-183","page","type-page","status-publish","hentry"],"acf":[],"_links":{"self":[{"href":"https:\/\/reset.pionyr.cz\/2025\/wp-json\/wp\/v2\/pages\/183","targetHints":{"allow":["GET"]}}],"collection":[{"href":"https:\/\/reset.pionyr.cz\/2025\/wp-json\/wp\/v2\/pages"}],"about":[{"href":"https:\/\/reset.pionyr.cz\/2025\/wp-json\/wp\/v2\/types\/page"}],"author":[{"embeddable":true,"href":"https:\/\/reset.pionyr.cz\/2025\/wp-json\/wp\/v2\/users\/2"}],"replies":[{"embeddable":true,"href":"https:\/\/reset.pionyr.cz\/2025\/wp-json\/wp\/v2\/comments?post=183"}],"version-history":[{"count":13,"href":"https:\/\/reset.pionyr.cz\/2025\/wp-json\/wp\/v2\/pages\/183\/revisions"}],"predecessor-version":[{"id":533,"href":"https:\/\/reset.pionyr.cz\/2025\/wp-json\/wp\/v2\/pages\/183\/revisions\/533"}],"wp:attachment":[{"href":"https:\/\/reset.pionyr.cz\/2025\/wp-json\/wp\/v2\/media?parent=183"}],"curies":[{"name":"wp","href":"https:\/\/api.w.org\/{rel}","templated":true}]}}